{"id":35,"date":"2025-10-21T21:20:28","date_gmt":"2025-10-21T21:20:28","guid":{"rendered":"https:\/\/drivedobolsamaistecnicos.com.br\/?page_id=35"},"modified":"2026-01-27T12:29:21","modified_gmt":"2026-01-27T12:29:21","slug":"elementor-35","status":"publish","type":"page","link":"https:\/\/drivedobolsamaistecnicos.com.br\/","title":{"rendered":"Drive Bolsa Mais T\u00e9cnico"},"content":{"rendered":"\t\t<div data-elementor-type=\"wp-page\" data-elementor-id=\"35\" class=\"elementor elementor-35\" data-elementor-settings=\"{&quot;ha_cmc_init_switcher&quot;:&quot;no&quot;}\" data-elementor-post-type=\"page\">\n\t\t\t\t<div class=\"elementor-element elementor-element-12169ac e-con-full e-flex e-con e-parent\" data-id=\"12169ac\" data-element_type=\"container\" data-settings=\"{&quot;background_background&quot;:&quot;classic&quot;,&quot;_ha_eqh_enable&quot;:false}\">\n\t\t<div class=\"elementor-element elementor-element-9f764e0 e-con-full e-flex e-con e-child\" data-id=\"9f764e0\" data-element_type=\"container\" data-settings=\"{&quot;_ha_eqh_enable&quot;:false}\">\n\t\t<div class=\"elementor-element elementor-element-102c47e e-con-full e-flex e-con e-child\" data-id=\"102c47e\" data-element_type=\"container\" data-settings=\"{&quot;_ha_eqh_enable&quot;:false}\">\n\t\t\t\t<div class=\"elementor-element elementor-element-8fd8df1 elementor-widget elementor-widget-image\" data-id=\"8fd8df1\" data-element_type=\"widget\" data-widget_type=\"image.default\">\n\t\t\t\t\t\t\t\t\t\t\t\t\t\t\t<img fetchpriority=\"high\" decoding=\"async\" width=\"800\" height=\"680\" src=\"https:\/\/drivedobolsamaistecnicos.com.br\/wp-content\/uploads\/2025\/09\/BOLSA-BRASIL-TECNICO-1-1024x871.png\" class=\"attachment-large size-large wp-image-19\" alt=\"\" srcset=\"https:\/\/drivedobolsamaistecnicos.com.br\/wp-content\/uploads\/2025\/09\/BOLSA-BRASIL-TECNICO-1-1024x871.png 1024w, https:\/\/drivedobolsamaistecnicos.com.br\/wp-content\/uploads\/2025\/09\/BOLSA-BRASIL-TECNICO-1-300x255.png 300w, https:\/\/drivedobolsamaistecnicos.com.br\/wp-content\/uploads\/2025\/09\/BOLSA-BRASIL-TECNICO-1-768x653.png 768w, https:\/\/drivedobolsamaistecnicos.com.br\/wp-content\/uploads\/2025\/09\/BOLSA-BRASIL-TECNICO-1.png 1182w\" sizes=\"(max-width: 800px) 100vw, 800px\" \/>\t\t\t\t\t\t\t\t\t\t\t\t\t\t\t<\/div>\n\t\t\t\t<\/div>\n\t\t<div class=\"elementor-element elementor-element-65698c3 e-con-full e-flex e-con e-child\" data-id=\"65698c3\" data-element_type=\"container\" data-settings=\"{&quot;_ha_eqh_enable&quot;:false}\">\n\t\t\t\t<div class=\"elementor-element elementor-element-3dcd395 elementor-widget elementor-widget-image\" data-id=\"3dcd395\" data-element_type=\"widget\" data-widget_type=\"image.default\">\n\t\t\t\t\t\t\t\t\t\t\t\t\t\t\t<img decoding=\"async\" width=\"800\" height=\"357\" src=\"https:\/\/drivedobolsamaistecnicos.com.br\/wp-content\/uploads\/2025\/09\/logo.png\" class=\"attachment-large size-large wp-image-9\" alt=\"\" srcset=\"https:\/\/drivedobolsamaistecnicos.com.br\/wp-content\/uploads\/2025\/09\/logo.png 1024w, https:\/\/drivedobolsamaistecnicos.com.br\/wp-content\/uploads\/2025\/09\/logo-300x134.png 300w, https:\/\/drivedobolsamaistecnicos.com.br\/wp-content\/uploads\/2025\/09\/logo-768x343.png 768w\" sizes=\"(max-width: 800px) 100vw, 800px\" \/>\t\t\t\t\t\t\t\t\t\t\t\t\t\t\t<\/div>\n\t\t\t\t<\/div>\n\t\t<div class=\"elementor-element elementor-element-09f0d6f e-con-full e-flex e-con e-child\" data-id=\"09f0d6f\" data-element_type=\"container\" data-settings=\"{&quot;_ha_eqh_enable&quot;:false}\">\n\t\t\t\t<div class=\"elementor-element elementor-element-1e79b4b elementor-widget elementor-widget-image\" data-id=\"1e79b4b\" data-element_type=\"widget\" data-widget_type=\"image.default\">\n\t\t\t\t\t\t\t\t\t\t\t\t\t\t\t<img decoding=\"async\" width=\"800\" height=\"373\" src=\"https:\/\/drivedobolsamaistecnicos.com.br\/wp-content\/uploads\/2025\/10\/escola-tecnica-do-brasil-1024x477.webp\" class=\"attachment-large size-large wp-image-63\" alt=\"\" srcset=\"https:\/\/drivedobolsamaistecnicos.com.br\/wp-content\/uploads\/2025\/10\/escola-tecnica-do-brasil-1024x477.webp 1024w, https:\/\/drivedobolsamaistecnicos.com.br\/wp-content\/uploads\/2025\/10\/escola-tecnica-do-brasil-300x140.webp 300w, https:\/\/drivedobolsamaistecnicos.com.br\/wp-content\/uploads\/2025\/10\/escola-tecnica-do-brasil-768x358.webp 768w, https:\/\/drivedobolsamaistecnicos.com.br\/wp-content\/uploads\/2025\/10\/escola-tecnica-do-brasil.webp 1418w\" sizes=\"(max-width: 800px) 100vw, 800px\" \/>\t\t\t\t\t\t\t\t\t\t\t\t\t\t\t<\/div>\n\t\t\t\t<\/div>\n\t\t\t\t<\/div>\n\t\t<div class=\"elementor-element elementor-element-0aad79a e-con-full e-flex e-con e-child\" data-id=\"0aad79a\" data-element_type=\"container\" data-settings=\"{&quot;background_background&quot;:&quot;classic&quot;,&quot;_ha_eqh_enable&quot;:false}\">\n\t\t\t\t<div class=\"elementor-element elementor-element-c938610 elementor-widget__width-initial elementor-widget elementor-widget-heading\" data-id=\"c938610\" data-element_type=\"widget\" data-widget_type=\"heading.default\">\n\t\t\t\t\t<h2 class=\"elementor-heading-title elementor-size-default\">DRIVES DO BOLSA MAIS BRASIL T\u00c9CNICOS<\/h2>\t\t\t\t<\/div>\n\t\t\t\t<div class=\"elementor-element elementor-element-d28332c elementor-widget__width-initial elementor-widget elementor-widget-text-editor\" data-id=\"d28332c\" data-element_type=\"widget\" data-widget_type=\"text-editor.default\">\n\t\t\t\t\t\t\t\t\t<p>Aqui voc\u00ea encontrar\u00e1 tudo o que precisa para auxiliar em suas matr\u00edculas e poder\u00e1 enriquecer muito, transformando vidas atrav\u00e9s da educa\u00e7\u00e3o<\/p>\t\t\t\t\t\t\t\t<\/div>\n\t\t\t\t<\/div>\n\t\t\t\t<\/div>\n\t\t<div class=\"elementor-element elementor-element-edfa622 e-flex e-con-boxed e-con e-parent\" data-id=\"edfa622\" data-element_type=\"container\" data-settings=\"{&quot;_ha_eqh_enable&quot;:false}\">\n\t\t\t\t\t<div class=\"e-con-inner\">\n\t\t\t\t<div class=\"elementor-element elementor-element-c206554 elementor-widget__width-inherit elementor-widget elementor-widget-heading\" data-id=\"c206554\" data-element_type=\"widget\" data-widget_type=\"heading.default\">\n\t\t\t\t\t<h2 class=\"elementor-heading-title elementor-size-default\">Artes para publicar<\/h2>\t\t\t\t<\/div>\n\t\t<div data-ha-element-link=\"{&quot;url&quot;:&quot;https:\\\/\\\/drive.google.com\\\/drive\\\/folders\\\/1dY48LrFGG0S0PRqgKC5j5bv1SbKNGdHt?usp=drive_link&quot;,&quot;is_external&quot;:&quot;on&quot;,&quot;nofollow&quot;:&quot;&quot;}\" style=\"cursor: pointer\" class=\"elementor-element elementor-element-6430c82 e-con-full e-flex e-con e-child\" data-id=\"6430c82\" data-element_type=\"container\" data-settings=\"{&quot;_ha_eqh_enable&quot;:false}\">\n\t\t\t\t<div class=\"elementor-element elementor-element-bb28b8c elementor-widget elementor-widget-image\" data-id=\"bb28b8c\" data-element_type=\"widget\" data-widget_type=\"image.default\">\n\t\t\t\t\t\t\t\t\t\t\t\t\t\t\t<img loading=\"lazy\" decoding=\"async\" width=\"800\" height=\"680\" src=\"https:\/\/drivedobolsamaistecnicos.com.br\/wp-content\/uploads\/2025\/09\/BOLSA-BRASIL-TECNICO-1024x871.png\" class=\"attachment-large size-large wp-image-18\" alt=\"\" srcset=\"https:\/\/drivedobolsamaistecnicos.com.br\/wp-content\/uploads\/2025\/09\/BOLSA-BRASIL-TECNICO-1024x871.png 1024w, https:\/\/drivedobolsamaistecnicos.com.br\/wp-content\/uploads\/2025\/09\/BOLSA-BRASIL-TECNICO-300x255.png 300w, https:\/\/drivedobolsamaistecnicos.com.br\/wp-content\/uploads\/2025\/09\/BOLSA-BRASIL-TECNICO-768x653.png 768w, https:\/\/drivedobolsamaistecnicos.com.br\/wp-content\/uploads\/2025\/09\/BOLSA-BRASIL-TECNICO.png 1182w\" sizes=\"(max-width: 800px) 100vw, 800px\" \/>\t\t\t\t\t\t\t\t\t\t\t\t\t\t\t<\/div>\n\t\t\t\t<div class=\"elementor-element elementor-element-4b4dac5 elementor-widget elementor-widget-text-editor\" data-id=\"4b4dac5\" data-element_type=\"widget\" data-widget_type=\"text-editor.default\">\n\t\t\t\t\t\t\t\t\tDRIVE DAS ARTES\t\t\t\t\t\t\t\t<\/div>\n\t\t\t\t<\/div>\n\t\t\t\t\t<\/div>\n\t\t\t\t<\/div>\n\t\t<div class=\"elementor-element elementor-element-4ef12b9 e-flex e-con-boxed e-con e-parent\" data-id=\"4ef12b9\" data-element_type=\"container\" data-settings=\"{&quot;_ha_eqh_enable&quot;:false}\">\n\t\t\t\t\t<div class=\"e-con-inner\">\n\t\t\t\t<div class=\"elementor-element elementor-element-d124fff elementor-widget__width-inherit elementor-widget elementor-widget-heading\" data-id=\"d124fff\" data-element_type=\"widget\" data-widget_type=\"heading.default\">\n\t\t\t\t\t<h2 class=\"elementor-heading-title elementor-size-default\">Matrizes Curriculares das Institui\u00e7\u00f5es<\/h2>\t\t\t\t<\/div>\n\t\t<div data-ha-element-link=\"{&quot;url&quot;:&quot;https:\\\/\\\/drive.proton.me\\\/urls\\\/NQRY0DSQM8#AooVKsfzAS4o&quot;,&quot;is_external&quot;:&quot;on&quot;,&quot;nofollow&quot;:&quot;&quot;}\" style=\"cursor: pointer\" class=\"elementor-element elementor-element-42c0f9b e-con-full e-flex e-con e-child\" data-id=\"42c0f9b\" data-element_type=\"container\" data-settings=\"{&quot;background_background&quot;:&quot;classic&quot;,&quot;_ha_eqh_enable&quot;:false}\">\n\t\t\t\t<div class=\"elementor-element elementor-element-cdd68ab elementor-widget elementor-widget-image\" data-id=\"cdd68ab\" data-element_type=\"widget\" data-widget_type=\"image.default\">\n\t\t\t\t\t\t\t\t\t\t\t\t\t\t\t<img loading=\"lazy\" decoding=\"async\" width=\"800\" height=\"362\" src=\"https:\/\/drivedobolsamaistecnicos.com.br\/wp-content\/uploads\/2025\/10\/matrizes-curriculares-UNICORP-1024x463.png\" class=\"attachment-large size-large wp-image-49\" alt=\"\" srcset=\"https:\/\/drivedobolsamaistecnicos.com.br\/wp-content\/uploads\/2025\/10\/matrizes-curriculares-UNICORP-1024x463.png 1024w, https:\/\/drivedobolsamaistecnicos.com.br\/wp-content\/uploads\/2025\/10\/matrizes-curriculares-UNICORP-300x136.png 300w, https:\/\/drivedobolsamaistecnicos.com.br\/wp-content\/uploads\/2025\/10\/matrizes-curriculares-UNICORP-768x347.png 768w, https:\/\/drivedobolsamaistecnicos.com.br\/wp-content\/uploads\/2025\/10\/matrizes-curriculares-UNICORP-1536x694.png 1536w, https:\/\/drivedobolsamaistecnicos.com.br\/wp-content\/uploads\/2025\/10\/matrizes-curriculares-UNICORP.png 1896w\" sizes=\"(max-width: 800px) 100vw, 800px\" \/>\t\t\t\t\t\t\t\t\t\t\t\t\t\t\t<\/div>\n\t\t\t\t<div class=\"elementor-element elementor-element-37892d7 elementor-widget elementor-widget-text-editor\" data-id=\"37892d7\" data-element_type=\"widget\" data-widget_type=\"text-editor.default\">\n\t\t\t\t\t\t\t\t\t<p>ESCOLA T\u00c9CNICA DO BRASIL<\/p>\t\t\t\t\t\t\t\t<\/div>\n\t\t\t\t<\/div>\n\t\t\t\t\t<\/div>\n\t\t\t\t<\/div>\n\t\t<div class=\"elementor-element elementor-element-1f7210e e-flex e-con-boxed e-con e-parent\" data-id=\"1f7210e\" data-element_type=\"container\" data-settings=\"{&quot;_ha_eqh_enable&quot;:false}\">\n\t\t\t\t\t<div class=\"e-con-inner\">\n\t\t\t\t<div class=\"elementor-element elementor-element-58f5099 elementor-widget__width-inherit elementor-widget elementor-widget-heading\" data-id=\"58f5099\" data-element_type=\"widget\" data-widget_type=\"heading.default\">\n\t\t\t\t\t<h2 class=\"elementor-heading-title elementor-size-default\">Documenta\u00e7\u00e3o Necess\u00e1ria<\/h2>\t\t\t\t<\/div>\n\t\t<div data-ha-element-link=\"{&quot;url&quot;:&quot;https:\\\/\\\/drive.proton.me\\\/urls\\\/FPRN2RKAHC#zijv096v3BIo&quot;,&quot;is_external&quot;:&quot;on&quot;,&quot;nofollow&quot;:&quot;&quot;}\" style=\"cursor: pointer\" class=\"elementor-element elementor-element-459530b e-con-full e-flex e-con e-child\" data-id=\"459530b\" data-element_type=\"container\" data-settings=\"{&quot;background_background&quot;:&quot;classic&quot;,&quot;_ha_eqh_enable&quot;:false}\">\n\t\t\t\t<div class=\"elementor-element elementor-element-3b9d416 elementor-widget elementor-widget-image\" data-id=\"3b9d416\" data-element_type=\"widget\" data-widget_type=\"image.default\">\n\t\t\t\t\t\t\t\t\t\t\t\t\t\t\t<img loading=\"lazy\" decoding=\"async\" width=\"800\" height=\"362\" src=\"https:\/\/drivedobolsamaistecnicos.com.br\/wp-content\/uploads\/2025\/10\/matrizes-curriculares-UNICORP-1024x463.png\" class=\"attachment-large size-large wp-image-49\" alt=\"\" srcset=\"https:\/\/drivedobolsamaistecnicos.com.br\/wp-content\/uploads\/2025\/10\/matrizes-curriculares-UNICORP-1024x463.png 1024w, https:\/\/drivedobolsamaistecnicos.com.br\/wp-content\/uploads\/2025\/10\/matrizes-curriculares-UNICORP-300x136.png 300w, https:\/\/drivedobolsamaistecnicos.com.br\/wp-content\/uploads\/2025\/10\/matrizes-curriculares-UNICORP-768x347.png 768w, https:\/\/drivedobolsamaistecnicos.com.br\/wp-content\/uploads\/2025\/10\/matrizes-curriculares-UNICORP-1536x694.png 1536w, https:\/\/drivedobolsamaistecnicos.com.br\/wp-content\/uploads\/2025\/10\/matrizes-curriculares-UNICORP.png 1896w\" sizes=\"(max-width: 800px) 100vw, 800px\" \/>\t\t\t\t\t\t\t\t\t\t\t\t\t\t\t<\/div>\n\t\t\t\t<div class=\"elementor-element elementor-element-e8e0392 elementor-widget elementor-widget-text-editor\" data-id=\"e8e0392\" data-element_type=\"widget\" data-widget_type=\"text-editor.default\">\n\t\t\t\t\t\t\t\t\t<p>ESCOLA T\u00c9CNICA DO BRASIL<\/p>\t\t\t\t\t\t\t\t<\/div>\n\t\t\t\t<\/div>\n\t\t\t\t\t<\/div>\n\t\t\t\t<\/div>\n\t\t<div class=\"elementor-element elementor-element-0d4ca16 e-flex e-con-boxed e-con e-parent\" data-id=\"0d4ca16\" data-element_type=\"container\" data-settings=\"{&quot;background_background&quot;:&quot;classic&quot;,&quot;_ha_eqh_enable&quot;:false}\">\n\t\t\t\t\t<div class=\"e-con-inner\">\n\t\t<div class=\"elementor-element elementor-element-8718c5a e-con-full e-flex e-con e-child\" data-id=\"8718c5a\" data-element_type=\"container\" data-settings=\"{&quot;_ha_eqh_enable&quot;:false}\">\n\t\t\t\t<div class=\"elementor-element elementor-element-7438343 elementor-widget elementor-widget-image\" data-id=\"7438343\" data-element_type=\"widget\" data-widget_type=\"image.default\">\n\t\t\t\t\t\t\t\t\t\t\t\t\t\t\t<img loading=\"lazy\" decoding=\"async\" width=\"800\" height=\"268\" src=\"https:\/\/drivedobolsamaistecnicos.com.br\/wp-content\/uploads\/2025\/09\/grupo-bolsa-mais-brasil-e1761082416883.png\" class=\"attachment-large size-large wp-image-11\" alt=\"\" srcset=\"https:\/\/drivedobolsamaistecnicos.com.br\/wp-content\/uploads\/2025\/09\/grupo-bolsa-mais-brasil-e1761082416883.png 822w, https:\/\/drivedobolsamaistecnicos.com.br\/wp-content\/uploads\/2025\/09\/grupo-bolsa-mais-brasil-e1761082416883-300x100.png 300w, https:\/\/drivedobolsamaistecnicos.com.br\/wp-content\/uploads\/2025\/09\/grupo-bolsa-mais-brasil-e1761082416883-768x257.png 768w\" sizes=\"(max-width: 800px) 100vw, 800px\" \/>\t\t\t\t\t\t\t\t\t\t\t\t\t\t\t<\/div>\n\t\t\t\t<\/div>\n\t\t<div class=\"elementor-element elementor-element-02f3bd0 e-con-full e-flex e-con e-child\" data-id=\"02f3bd0\" data-element_type=\"container\" data-settings=\"{&quot;_ha_eqh_enable&quot;:false}\">\n\t\t\t\t<\/div>\n\t\t<div class=\"elementor-element elementor-element-d2e07da e-con-full e-flex e-con e-child\" data-id=\"d2e07da\" data-element_type=\"container\" data-settings=\"{&quot;_ha_eqh_enable&quot;:false}\">\n\t\t\t\t<div class=\"elementor-element elementor-element-eaabb87 elementor-widget elementor-widget-text-editor\" data-id=\"eaabb87\" data-element_type=\"widget\" data-widget_type=\"text-editor.default\">\n\t\t\t\t\t\t\t\t\t<p style=\"text-align: center;\">\u00a9 2025 Por equipe <span style=\"color: #339966;\"><a style=\"color: #339966;\" href=\"https:\/\/www.bolsamaisbrasil.com.br\/\">Grupo Bolsa Mais Brasil<\/a>.<\/span><br \/>Todos os direitos reservados. CNPJ: 35.056.893\/0001-71<\/p>\t\t\t\t\t\t\t\t<\/div>\n\t\t\t\t<\/div>\n\t\t<div class=\"elementor-element elementor-element-0aca2e6 e-con-full e-flex e-con e-child\" data-id=\"0aca2e6\" data-element_type=\"container\" data-settings=\"{&quot;_ha_eqh_enable&quot;:false}\">\n\t\t\t\t<\/div>\n\t\t<div class=\"elementor-element elementor-element-f5ad8c2 e-con-full e-flex e-con e-child\" data-id=\"f5ad8c2\" data-element_type=\"container\" data-settings=\"{&quot;_ha_eqh_enable&quot;:false}\">\n\t\t\t\t<\/div>\n\t\t\t\t\t<\/div>\n\t\t\t\t<\/div>\n\t\t\t\t<\/div>\n\t\t","protected":false},"excerpt":{"rendered":"<p>DRIVES DO BOLSA MAIS BRASIL T\u00c9CNICOS Aqui voc\u00ea encontrar\u00e1 tudo o que precisa para auxiliar em suas matr\u00edculas e poder\u00e1 enriquecer muito, transformando vidas atrav\u00e9s da educa\u00e7\u00e3o Artes para publicar DRIVE DAS ARTES Matrizes Curriculares das Institui\u00e7\u00f5es ESCOLA T\u00c9CNICA DO BRASIL Documenta\u00e7\u00e3o Necess\u00e1ria ESCOLA T\u00c9CNICA DO BRASIL \u00a9 2025 Por equipe Grupo Bolsa Mais Brasil.Todos [&hellip;]<\/p>\n","protected":false},"author":1,"featured_media":0,"parent":0,"menu_order":0,"comment_status":"closed","ping_status":"closed","template":"elementor_canvas","meta":{"footnotes":""},"class_list":["post-35","page","type-page","status-publish","hentry"],"_links":{"self":[{"href":"https:\/\/drivedobolsamaistecnicos.com.br\/index.php?rest_route=\/wp\/v2\/pages\/35","targetHints":{"allow":["GET"]}}],"collection":[{"href":"https:\/\/drivedobolsamaistecnicos.com.br\/index.php?rest_route=\/wp\/v2\/pages"}],"about":[{"href":"https:\/\/drivedobolsamaistecnicos.com.br\/index.php?rest_route=\/wp\/v2\/types\/page"}],"author":[{"embeddable":true,"href":"https:\/\/drivedobolsamaistecnicos.com.br\/index.php?rest_route=\/wp\/v2\/users\/1"}],"replies":[{"embeddable":true,"href":"https:\/\/drivedobolsamaistecnicos.com.br\/index.php?rest_route=%2Fwp%2Fv2%2Fcomments&post=35"}],"version-history":[{"count":32,"href":"https:\/\/drivedobolsamaistecnicos.com.br\/index.php?rest_route=\/wp\/v2\/pages\/35\/revisions"}],"predecessor-version":[{"id":98,"href":"https:\/\/drivedobolsamaistecnicos.com.br\/index.php?rest_route=\/wp\/v2\/pages\/35\/revisions\/98"}],"wp:attachment":[{"href":"https:\/\/drivedobolsamaistecnicos.com.br\/index.php?rest_route=%2Fwp%2Fv2%2Fmedia&parent=35"}],"curies":[{"name":"wp","href":"https:\/\/api.w.org\/{rel}","templated":true}]}}